{"id":887,"date":"2023-12-08T00:59:40","date_gmt":"2023-12-07T23:59:40","guid":{"rendered":"https:\/\/maquette.moulindecanterrane.com\/contact\/"},"modified":"2024-12-02T21:54:35","modified_gmt":"2024-12-02T20:54:35","slug":"contact","status":"publish","type":"page","link":"https:\/\/www.moulindecanterrane.com\/en\/contact\/","title":{"rendered":"Contact"},"content":{"rendered":"\n\n<h1>\n\t\tGet in touch with us!\nWe&#8217;ll get back to you as soon as possible! \n\t<\/h1>\n<h2>\n\t\tContact us\n\t<\/h2>\n\tYou can reach us every day of the year by phone at :<br \/>\n<strong>+33(0) 6 31 33 61 50 or +33(0) 6 07 82 15 50.<\/strong>\n<p>By e-mail: moulindelacanterrane@gmail.com<\/p>\n<hr \/>\n<h3>Our address<\/h3>\n<strong>Moulin de Canterrane<\/strong><br \/>\nBP07<br \/>\n66300 TERRATS- FRANCE\n\t\t\t<a href=\"https:\/\/www.moulindecanterrane.com\/wp-content\/uploads\/2024\/11\/Access-to-the-Cottages-of-the-Moullin-de-Canterrane.pdf\" target=\"_blank\" rel=\"noopener\">\n\t\t\t\t\t\tDownload access map\n\t\t\t\t\t<\/a>\n\t<iframe src=\"https:\/\/www.google.com\/maps\/embed\/v1\/place?q=Gite+Moulin+de+Canterrane+Castelnou&#038;key=AIzaSyD09zQ9PNDNNy9TadMuzRV_UsPUoWKntt8\" aria-hidden=\"true\"><\/iframe>\n<h2>\n\t\tSend us a message\n\t<\/h2>\n\t<div class=\"frm_forms  with_frm_style frm_center_submit frm_style_sleek-smooth-style\" id=\"frm_form_6_container\" data-token=\"7ceb6d30a2438bf7c8a3275fcb61715f\">\n<form enctype=\"multipart\/form-data\" method=\"post\" class=\"frm-show-form  frm_pro_form \" id=\"form_contact-form23\" data-token=\"7ceb6d30a2438bf7c8a3275fcb61715f\">\n<div class=\"frm_form_fields \">\n<fieldset>\n<legend class=\"frm_screen_reader\">Contact<\/legend>\r\n\r\n<div class=\"frm_fields_container\">\n<input type=\"hidden\" name=\"frm_action\" value=\"create\" \/>\n<input type=\"hidden\" name=\"form_id\" value=\"6\" \/>\n<input type=\"hidden\" name=\"frm_hide_fields_6\" id=\"frm_hide_fields_6\" value=\"\" \/>\n<input type=\"hidden\" name=\"form_key\" value=\"contact-form23\" \/>\n<input type=\"hidden\" name=\"item_meta[0]\" value=\"\" \/>\n<input type=\"hidden\" id=\"frm_submit_entry_6\" name=\"frm_submit_entry_6\" value=\"e45927203d\" \/><input type=\"hidden\" name=\"_wp_http_referer\" value=\"\/en\/wp-json\/wp\/v2\/pages\/887\" \/><div id=\"frm_field_26_container\" class=\"frm_form_field form-field  frm_required_field frm_top_container frm_first frm_half\">\r\n    <label for=\"field_qh4icy22\" id=\"field_qh4icy22_label\" class=\"frm_primary_label\">Name\r\n        <span class=\"frm_required\" aria-hidden=\"true\">*<\/span>\r\n    <\/label>\r\n    <input  type=\"text\" id=\"field_qh4icy22\" name=\"item_meta[26]\" value=\"\"  data-reqmsg=\"Name ne peut pas \u00eatre vide.\" aria-required=\"true\" data-invmsg=\"Name est non valide\" aria-invalid=\"false\"   \/>\r\n    \r\n    \r\n<\/div>\n<div id=\"frm_field_27_container\" class=\"frm_form_field form-field  frm_required_field frm_top_container frm_half\">\r\n    <label for=\"field_ocfup122\" id=\"field_ocfup122_label\" class=\"frm_primary_label\">Surname\r\n        <span class=\"frm_required\" aria-hidden=\"true\">*<\/span>\r\n    <\/label>\r\n    <input  type=\"text\" id=\"field_ocfup122\" name=\"item_meta[27]\" value=\"\"  data-reqmsg=\"Surname ne peut pas \u00eatre vide.\" aria-required=\"true\" data-invmsg=\"Last est non valide\" aria-invalid=\"false\"   \/>\r\n    \r\n    \r\n<\/div>\n<div id=\"frm_field_28_container\" class=\"frm_form_field form-field  frm_required_field frm_top_container frm6 frm_first\">\r\n    <label for=\"field_29yf4d22\" id=\"field_29yf4d22_label\" class=\"frm_primary_label\">Email\r\n        <span class=\"frm_required\" aria-hidden=\"true\">*<\/span>\r\n    <\/label>\r\n    <input type=\"email\" id=\"field_29yf4d22\" name=\"item_meta[28]\" value=\"\"  data-reqmsg=\"Email ne peut pas \u00eatre vide.\" aria-required=\"true\" data-invmsg=\"Please enter a valid email address\" aria-invalid=\"false\"  \/>\r\n    \r\n    \r\n<\/div>\n<div id=\"frm_field_29_container\" class=\"frm_form_field form-field  frm_top_container frm6\">\r\n    <label for=\"field_988f8\" id=\"field_988f8_label\" class=\"frm_primary_label\">Phone\r\n        <span class=\"frm_required\" aria-hidden=\"true\"><\/span>\r\n    <\/label>\r\n    <input type=\"tel\" id=\"field_988f8\" name=\"item_meta[29]\" value=\"\"  data-invmsg=\"Phone is invalid\" aria-invalid=\"false\" pattern=\"((\\+\\d{1,3}(-|.| )?\\(?\\d\\)?(-| |.)?\\d{1,5})|(\\(?\\d{2,6}\\)?))(-|.| )?(\\d{3,4})(-|.| )?(\\d{4})(( x| ext)\\d{1,5}){0,1}$\"  \/>\r\n    \r\n    \r\n<\/div>\n<div id=\"frm_field_41_container\" class=\"frm_form_field form-field  frm_top_container vertical_radio\">\r\n    <div  id=\"field_8160s_label\" class=\"frm_primary_label\">Pour quel g\u00eete ?\r\n        <span class=\"frm_required\" aria-hidden=\"true\"><\/span>\r\n    <\/div>\r\n    <div class=\"frm_opt_container\" aria-labelledby=\"field_8160s_label\" role=\"group\">\t\t<div class=\"frm_checkbox\" id=\"frm_checkbox_41-0\">\t\t\t<label  for=\"field_8160s-0\">\n\t\t\t<input type=\"checkbox\" name=\"item_meta[41][]\" id=\"field_8160s-0\" value=\"Le moulin - 6 Pers.\"  data-invmsg=\"Pour quel g\u00eete ? is invalid\"   \/> Le moulin - 6 Pers.<\/label><\/div>\n\t\t<div class=\"frm_checkbox\" id=\"frm_checkbox_41-1\">\t\t\t<label  for=\"field_8160s-1\">\n\t\t\t<input type=\"checkbox\" name=\"item_meta[41][]\" id=\"field_8160s-1\" value=\"l&#039;Atelier - 2 pers.\"  data-invmsg=\"Pour quel g\u00eete ? is invalid\"   \/> l'Atelier - 2\/3 pers.<\/label><\/div>\n<\/div>\r\n    \r\n    \r\n<\/div>\n<div id=\"frm_field_31_container\" class=\"frm_form_field form-field  frm_required_field frm_top_container frm_full\">\r\n    <label for=\"field_9jv0r122\" id=\"field_9jv0r122_label\" class=\"frm_primary_label\">Message\r\n        <span class=\"frm_required\" aria-hidden=\"true\">*<\/span>\r\n    <\/label>\r\n    <textarea name=\"item_meta[31]\" id=\"field_9jv0r122\" rows=\"5\"  data-reqmsg=\"Ce champ ne peut pas \u00eatre vide\" aria-required=\"true\" data-invmsg=\"Message est non valide\" aria-invalid=\"false\"  ><\/textarea>\r\n    \r\n    \r\n<\/div>\n<div id=\"frm_field_55_container\" class=\"frm_form_field form-field \">\r\n\t<div class=\"frm_submit\">\r\n\r\n<button class=\"frm_button_submit frm_final_submit\" type=\"submit\"   formnovalidate=\"formnovalidate\">Envoyer<\/button>\r\n\r\n<\/div>\r\n<\/div>\n\t<input type=\"hidden\" name=\"item_key\" value=\"\" \/>\n\t\t\t<div id=\"frm_field_79_container\">\n\t\t\t<label for=\"field_hhf8p\" >\n\t\t\t\tIf you are human, leave this field blank.\t\t\t<\/label>\n\t\t\t<input  id=\"field_hhf8p\" type=\"text\" class=\"frm_form_field form-field frm_verify\" name=\"item_meta[79]\" value=\"\"  \/>\n\t\t<\/div>\n\t\t<input name=\"frm_state\" type=\"hidden\" value=\"g7sUrAs6JqFMreBhNgVpwxgySSqu3cEdX4abFhktlHBzu47i+kHlG3Ry81L3q0FA\" \/><\/div>\n<\/fieldset>\n<\/div>\n\n<\/form>\n<\/div>\n\n\n","protected":false},"excerpt":{"rendered":"<p>Get in touch with us! We&#8217;ll get back to you as soon as possible! Contact us You can reach us every day of the year by phone at : +33(0) 6 31 33 61 50 or +33(0) 6 07 82 15 50. By e-mail: moulindelacanterrane@gmail.com Our address Moulin de Canterrane BP07 66300 TERRATS- FRANCE Download&hellip;<\/p>\n","protected":false},"author":2,"featured_media":0,"parent":0,"menu_order":0,"comment_status":"closed","ping_status":"closed","template":"","meta":{"footnotes":""},"class_list":["post-887","page","type-page","status-publish","hentry"],"yoast_head":"<!-- This site is optimized with the Yoast SEO plugin v26.7 - https:\/\/yoast.com\/wordpress\/plugins\/seo\/ -->\n<title>Contact - G\u00eetes du Moulin de Canterrane<\/title>\n<meta name=\"description\" content=\"Get in touch with us! We&#039;ll get back to you as soon as possible! Contact us You can reach us every day of the year by phone at : +33(0) 6 31 33 61 50 or\" \/>\n<meta name=\"robots\" content=\"index, follow, max-snippet:-1, max-image-preview:large, max-video-preview:-1\" \/>\n<link rel=\"canonical\" href=\"https:\/\/www.moulindecanterrane.com\/en\/contact\/\" \/>\n<meta property=\"og:locale\" content=\"en_US\" \/>\n<meta property=\"og:type\" content=\"article\" \/>\n<meta property=\"og:title\" content=\"Contact - G\u00eetes du Moulin de Canterrane\" \/>\n<meta property=\"og:description\" content=\"Get in touch with us! We&#039;ll get back to you as soon as possible! Contact us You can reach us every day of the year by phone at : +33(0) 6 31 33 61 50 or\" \/>\n<meta property=\"og:url\" content=\"https:\/\/www.moulindecanterrane.com\/en\/contact\/\" \/>\n<meta property=\"og:site_name\" content=\"G\u00eetes du Moulin de Canterrane\" \/>\n<meta property=\"article:modified_time\" content=\"2024-12-02T20:54:35+00:00\" \/>\n<meta property=\"og:image\" content=\"https:\/\/www.moulindecanterrane.com\/wp-content\/uploads\/2024\/01\/vue-generale-moulin-4.jpg\" \/>\n\t<meta property=\"og:image:width\" content=\"1599\" \/>\n\t<meta property=\"og:image:height\" content=\"758\" \/>\n\t<meta property=\"og:image:type\" content=\"image\/jpeg\" \/>\n<meta name=\"twitter:card\" content=\"summary_large_image\" \/>\n<meta name=\"twitter:label1\" content=\"Est. reading time\" \/>\n\t<meta name=\"twitter:data1\" content=\"1 minute\" \/>\n<script type=\"application\/ld+json\" class=\"yoast-schema-graph\">{\"@context\":\"https:\/\/schema.org\",\"@graph\":[{\"@type\":\"WebPage\",\"@id\":\"https:\/\/www.moulindecanterrane.com\/en\/contact\/\",\"url\":\"https:\/\/www.moulindecanterrane.com\/en\/contact\/\",\"name\":\"Contact - G\u00eetes du Moulin de Canterrane\",\"isPartOf\":{\"@id\":\"https:\/\/www.moulindecanterrane.com\/#website\"},\"datePublished\":\"2023-12-07T23:59:40+00:00\",\"dateModified\":\"2024-12-02T20:54:35+00:00\",\"description\":\"Get in touch with us! We'll get back to you as soon as possible! Contact us You can reach us every day of the year by phone at : +33(0) 6 31 33 61 50 or\",\"breadcrumb\":{\"@id\":\"https:\/\/www.moulindecanterrane.com\/en\/contact\/#breadcrumb\"},\"inLanguage\":\"en-US\",\"potentialAction\":[{\"@type\":\"ReadAction\",\"target\":[\"https:\/\/www.moulindecanterrane.com\/en\/contact\/\"]}]},{\"@type\":\"BreadcrumbList\",\"@id\":\"https:\/\/www.moulindecanterrane.com\/en\/contact\/#breadcrumb\",\"itemListElement\":[{\"@type\":\"ListItem\",\"position\":1,\"name\":\"Accueil\",\"item\":\"https:\/\/www.moulindecanterrane.com\/\"},{\"@type\":\"ListItem\",\"position\":2,\"name\":\"Contact\"}]},{\"@type\":\"WebSite\",\"@id\":\"https:\/\/www.moulindecanterrane.com\/#website\",\"url\":\"https:\/\/www.moulindecanterrane.com\/\",\"name\":\"G\u00eetes du Moulin de Canterrane\",\"description\":\"MOULIN DE CANTERRANE, DEUX G\u00ceTES DE CHARME &quot;4 \u00c9PIS&quot; \u00c0 CASTELNOU\",\"publisher\":{\"@id\":\"https:\/\/www.moulindecanterrane.com\/#organization\"},\"potentialAction\":[{\"@type\":\"SearchAction\",\"target\":{\"@type\":\"EntryPoint\",\"urlTemplate\":\"https:\/\/www.moulindecanterrane.com\/?s={search_term_string}\"},\"query-input\":{\"@type\":\"PropertyValueSpecification\",\"valueRequired\":true,\"valueName\":\"search_term_string\"}}],\"inLanguage\":\"en-US\"},{\"@type\":\"Organization\",\"@id\":\"https:\/\/www.moulindecanterrane.com\/#organization\",\"name\":\"G\u00eetes du Moulin de Canterrane\",\"url\":\"https:\/\/www.moulindecanterrane.com\/\",\"logo\":{\"@type\":\"ImageObject\",\"inLanguage\":\"en-US\",\"@id\":\"https:\/\/www.moulindecanterrane.com\/#\/schema\/logo\/image\/\",\"url\":\"https:\/\/www.moulindecanterrane.com\/wp-content\/uploads\/2020\/04\/moulin-de-canterrane-logo.png\",\"contentUrl\":\"https:\/\/www.moulindecanterrane.com\/wp-content\/uploads\/2020\/04\/moulin-de-canterrane-logo.png\",\"width\":154,\"height\":71,\"caption\":\"G\u00eetes du Moulin de Canterrane\"},\"image\":{\"@id\":\"https:\/\/www.moulindecanterrane.com\/#\/schema\/logo\/image\/\"}}]}<\/script>\n<!-- \/ Yoast SEO plugin. -->","yoast_head_json":{"title":"Contact - G\u00eetes du Moulin de Canterrane","description":"Get in touch with us! We'll get back to you as soon as possible! Contact us You can reach us every day of the year by phone at : +33(0) 6 31 33 61 50 or","robots":{"index":"index","follow":"follow","max-snippet":"max-snippet:-1","max-image-preview":"max-image-preview:large","max-video-preview":"max-video-preview:-1"},"canonical":"https:\/\/www.moulindecanterrane.com\/en\/contact\/","og_locale":"en_US","og_type":"article","og_title":"Contact - G\u00eetes du Moulin de Canterrane","og_description":"Get in touch with us! We'll get back to you as soon as possible! Contact us You can reach us every day of the year by phone at : +33(0) 6 31 33 61 50 or","og_url":"https:\/\/www.moulindecanterrane.com\/en\/contact\/","og_site_name":"G\u00eetes du Moulin de Canterrane","article_modified_time":"2024-12-02T20:54:35+00:00","og_image":[{"width":1599,"height":758,"url":"https:\/\/www.moulindecanterrane.com\/wp-content\/uploads\/2024\/01\/vue-generale-moulin-4.jpg","type":"image\/jpeg"}],"twitter_card":"summary_large_image","twitter_misc":{"Est. reading time":"1 minute"},"schema":{"@context":"https:\/\/schema.org","@graph":[{"@type":"WebPage","@id":"https:\/\/www.moulindecanterrane.com\/en\/contact\/","url":"https:\/\/www.moulindecanterrane.com\/en\/contact\/","name":"Contact - G\u00eetes du Moulin de Canterrane","isPartOf":{"@id":"https:\/\/www.moulindecanterrane.com\/#website"},"datePublished":"2023-12-07T23:59:40+00:00","dateModified":"2024-12-02T20:54:35+00:00","description":"Get in touch with us! We'll get back to you as soon as possible! Contact us You can reach us every day of the year by phone at : +33(0) 6 31 33 61 50 or","breadcrumb":{"@id":"https:\/\/www.moulindecanterrane.com\/en\/contact\/#breadcrumb"},"inLanguage":"en-US","potentialAction":[{"@type":"ReadAction","target":["https:\/\/www.moulindecanterrane.com\/en\/contact\/"]}]},{"@type":"BreadcrumbList","@id":"https:\/\/www.moulindecanterrane.com\/en\/contact\/#breadcrumb","itemListElement":[{"@type":"ListItem","position":1,"name":"Accueil","item":"https:\/\/www.moulindecanterrane.com\/"},{"@type":"ListItem","position":2,"name":"Contact"}]},{"@type":"WebSite","@id":"https:\/\/www.moulindecanterrane.com\/#website","url":"https:\/\/www.moulindecanterrane.com\/","name":"G\u00eetes du Moulin de Canterrane","description":"MOULIN DE CANTERRANE, DEUX G\u00ceTES DE CHARME &quot;4 \u00c9PIS&quot; \u00c0 CASTELNOU","publisher":{"@id":"https:\/\/www.moulindecanterrane.com\/#organization"},"potentialAction":[{"@type":"SearchAction","target":{"@type":"EntryPoint","urlTemplate":"https:\/\/www.moulindecanterrane.com\/?s={search_term_string}"},"query-input":{"@type":"PropertyValueSpecification","valueRequired":true,"valueName":"search_term_string"}}],"inLanguage":"en-US"},{"@type":"Organization","@id":"https:\/\/www.moulindecanterrane.com\/#organization","name":"G\u00eetes du Moulin de Canterrane","url":"https:\/\/www.moulindecanterrane.com\/","logo":{"@type":"ImageObject","inLanguage":"en-US","@id":"https:\/\/www.moulindecanterrane.com\/#\/schema\/logo\/image\/","url":"https:\/\/www.moulindecanterrane.com\/wp-content\/uploads\/2020\/04\/moulin-de-canterrane-logo.png","contentUrl":"https:\/\/www.moulindecanterrane.com\/wp-content\/uploads\/2020\/04\/moulin-de-canterrane-logo.png","width":154,"height":71,"caption":"G\u00eetes du Moulin de Canterrane"},"image":{"@id":"https:\/\/www.moulindecanterrane.com\/#\/schema\/logo\/image\/"}}]}},"_links":{"self":[{"href":"https:\/\/www.moulindecanterrane.com\/en\/wp-json\/wp\/v2\/pages\/887","targetHints":{"allow":["GET"]}}],"collection":[{"href":"https:\/\/www.moulindecanterrane.com\/en\/wp-json\/wp\/v2\/pages"}],"about":[{"href":"https:\/\/www.moulindecanterrane.com\/en\/wp-json\/wp\/v2\/types\/page"}],"author":[{"embeddable":true,"href":"https:\/\/www.moulindecanterrane.com\/en\/wp-json\/wp\/v2\/users\/2"}],"replies":[{"embeddable":true,"href":"https:\/\/www.moulindecanterrane.com\/en\/wp-json\/wp\/v2\/comments?post=887"}],"version-history":[{"count":0,"href":"https:\/\/www.moulindecanterrane.com\/en\/wp-json\/wp\/v2\/pages\/887\/revisions"}],"wp:attachment":[{"href":"https:\/\/www.moulindecanterrane.com\/en\/wp-json\/wp\/v2\/media?parent=887"}],"curies":[{"name":"wp","href":"https:\/\/api.w.org\/{rel}","templated":true}]}}