{"id":328,"date":"2017-11-02T15:08:56","date_gmt":"2017-11-02T14:08:56","guid":{"rendered":"https:\/\/maquette.moulindecanterrane.com\/home\/"},"modified":"2024-12-02T21:51:33","modified_gmt":"2024-12-02T20:51:33","slug":"home","status":"publish","type":"page","link":"https:\/\/www.moulindecanterrane.com\/en\/home\/","title":{"rendered":"Home"},"content":{"rendered":"\n\n\t<h1>\n\t\t\t\tLe Moulin de Canterranne\n\t\t\t<\/h1>\n\t\t\t<p>G\u00eetes de Charme dans les Pyr\u00e9n\u00e9es Orientales<\/p>\t\n\t<h1>\n\t\t\t\tMoulin de Canterrane, deux G\u00eetes de charme &#8220;4 \u00e9pis&#8221; \u00e0 Castelnou\n\t\t\t<\/h1>\n\t\t\t<p>\u00a0La Canterrane est un domaine unique. Insoup\u00e7onnable depuis le chemin qui y m\u00e8ne, la propri\u00e9t\u00e9 offre un panorama privil\u00e9gi\u00e9 sur le Massif du Canigou. Situ\u00e9 sur les terres de Castelnou, l&#8217;un des plus beaux villages de France, les b\u00e2tisses ont \u00e9t\u00e9 restaur\u00e9es dans l&#8217;esprit d&#8217;origine tout en offrant un confort moderne.<\/p>\t\n\t\t\t\t\t\t<img decoding=\"async\" alt=\"\" src=\"https:\/\/www.moulindecanterrane.com\/wp-content\/uploads\/2023\/12\/80-6.jpeg\"\/>\n\t\t\n\t\t\t<a href=\"https:\/\/www.moulindecanterrane.com\/en\/gite-le-moulin\/\" target=\"_self\" role=\"button\" aria-label=\"Voir et r\u00e9server\" rel=\"noopener\">\n\t\t\t\t\t\t\tVoir et r\u00e9server\n\t\t<\/a>\n\t<h3>\n\t\t\t\tG\u00ceTE LE MOULIN &#8211; 6 PERS.\n\t\t\t<\/h3>\n\t\t\t<p>Ce v\u00e9ritable Moulin du XVIII si\u00e8cle peut accueillir 6 personnes. On acc\u00e8de \u00e0 cette magnifique b\u00e2tisse, repr\u00e9sentative de l&#8217;architecture rurale catalane, par un pont majestueux qui \u00e0 lui seul symbolise la singularit\u00e9 des lieux. Espace, confort, calme et originalit\u00e9 sont au programme&#8230;<\/p>\u00a0\t\n\t\t\t\t\t\t<img decoding=\"async\" alt=\"\" src=\"https:\/\/www.moulindecanterrane.com\/wp-content\/uploads\/2023\/12\/chambre-gite-2.jpeg\"\/>\n\t\t\n\t\t\t<a href=\"https:\/\/www.moulindecanterrane.com\/en\/atelier\/\" target=\"_self\" role=\"button\" aria-label=\"Voir et r\u00e9server\" rel=\"noopener\">\n\t\t\t\t\t\t\tVoir et r\u00e9server\n\t\t<\/a>\n\t<h3>\n\t\t\t\tG\u00ceTE L&#8217;ATELIER  &#8211; 2 PERS.\n\t\t\t<\/h3>\n\t\t\t<p>Id\u00e9al pour un couple, ce g\u00eete symbolise la rencontre des traditions et de la modernit\u00e9. Ce loft de 60 m2 saura vous surprendre par sa forme unique. Inscrit dans un demi-cercle, il rassemble chambre, salle d&#8217;eau, cuisine et salon dans un esprit vintage qui ne pourra que vous s\u00e9duire&#8230;<\/p>\t\n\t\t\t\t\t\t<img decoding=\"async\" alt=\"\" src=\"https:\/\/www.moulindecanterrane.com\/wp-content\/uploads\/2023\/12\/accueil-environnement-2.jpg\"\/>\n\t\t\n\t\t\t<a href=\"https:\/\/www.moulindecanterrane.com\/en\/environment\/\" target=\"_self\" role=\"button\" aria-label=\"Voir \" rel=\"noopener\">\n\t\t\t\t\t\t\tVoir \n\t\t<\/a>\n\t<h3>\n\t\t\t\tL&#8217;Environnement \n\t\t\t<\/h3>\n\t\t\t<p>Lov\u00e9 entre le Canigou et la M\u00e9diterran\u00e9e, cern\u00e9 par les vignes et les oliviers, travers\u00e9 par une rivi\u00e8re, le Domaine du Moulin de la Canterrane est un site unique dont la beaut\u00e9 naturelle coupe le souffle \u00e0 tous ceux qui osent aller jusqu&#8217;au bout du chemin&#8230;<\/p>\t\n\t<h3>\n\t\t\t\tBIENVENUE AUX G\u00ceTES DU MOULIN DE CANTERRANE !\n\t\t\t<\/h3>\n\t\t\t<p><img loading=\"lazy\" decoding=\"async\" src=\"https:\/\/www.moulindecanterrane.com\/wp-content\/uploads\/2023\/12\/moulin-canterrane-gites-de-france-4-epis.png\" alt=\"\" width=\"127\" height=\"161\" \/>Au hameau de\u00a0Canterrane, situ\u00e9 sur les terres de Castelnou, l&#8217;un des plus beaux villages de France, les b\u00e2tisses ont \u00e9t\u00e9 restaur\u00e9es dans l&#8217;esprit d&#8217;origine tout en offrant un confort moderne. La pierre, le bois, le fer forg\u00e9 sont \u00e0 l&#8217;honneur et l&#8217;ensemble aussi imposant qu&#8217;inattendu capte le regard imm\u00e9diatement.Au coeur de la garrigue et des vignes, le domaine est isol\u00e9 dans la nature et s&#8217;\u00e9tale sur une douzaine d&#8217;hectares, ce qui en fait un v\u00e9ritable havre de paix vierge de toute nuisance. Venez profiter, selon la saison, du chant des cigales et des oiseaux, du r\u00e9cital des grenouilles, du hululement de la chouette, ou encore d&#8217;une parfaite nuit \u00e9toil\u00e9e&#8230;<\/p>\t\n\t<h3>Nous vous accueillons toute l&#8217;ann\u00e9e dans nos deux g\u00eetes de Charme (4 \u00e9pis) :<\/h3>\n<ul>\n<li><strong>Le Moulin (6 personnes)<\/strong><\/li>\n<li><strong>L&#8217;Atelier (2 personnes)<\/strong><\/li>\n<\/ul>\n<p>\u00ab Et au milieu coule la Canterrane&#8230; \u00bb<\/p>\n<p>Bonne visite et n&#8217;h\u00e9sitez pas \u00e0 nous contacter !<\/p>\n\t<iframe src=\"https:\/\/www.google.com\/maps\/embed\/v1\/place?q=moulin+de+Canterrane+Castelnou&#038;key=AIzaSyD09zQ9PNDNNy9TadMuzRV_UsPUoWKntt8\" aria-hidden=\"true\" title=\"G\u00eete du moulin de Canterrane \u00e0 Castelnou\"><\/iframe>\n\n","protected":false},"excerpt":{"rendered":"<p>Le Moulin de Canterranne G\u00eetes de Charme dans les Pyr\u00e9n\u00e9es Orientales Moulin de Canterrane, deux G\u00eetes de charme &#8220;4 \u00e9pis&#8221; \u00e0 Castelnou \u00a0La Canterrane est un domaine unique. Insoup\u00e7onnable depuis le chemin qui y m\u00e8ne, la propri\u00e9t\u00e9 offre un panorama privil\u00e9gi\u00e9 sur le Massif du Canigou. Situ\u00e9 sur les terres de Castelnou, l&#8217;un des plus&hellip;<\/p>\n","protected":false},"author":2,"featured_media":0,"parent":0,"menu_order":0,"comment_status":"closed","ping_status":"closed","template":"","meta":{"footnotes":""},"class_list":["post-328","page","type-page","status-publish","hentry"],"yoast_head":"<!-- This site is optimized with the Yoast SEO plugin v26.7 - https:\/\/yoast.com\/wordpress\/plugins\/seo\/ -->\n<title>Moulin de Canterrane, 2 charming &quot;4 \u00e9pis&quot; g\u00eetes in Castelnou - Pyr\u00e9n\u00e9es Orientales<\/title>\n<meta name=\"description\" content=\"Le Moulin de Canterranne G\u00eetes de Charme dans les Pyr\u00e9n\u00e9es Orientales Moulin de Canterrane, deux G\u00eetes de charme &quot;4 \u00e9pis&quot; \u00e0 Castelnou \u00a0La Canterrane est\" \/>\n<meta name=\"robots\" content=\"index, follow, max-snippet:-1, max-image-preview:large, max-video-preview:-1\" \/>\n<link rel=\"canonical\" href=\"https:\/\/www.moulindecanterrane.com\/en\/home\/\" \/>\n<meta property=\"og:locale\" content=\"en_US\" \/>\n<meta property=\"og:type\" content=\"article\" \/>\n<meta property=\"og:title\" content=\"Moulin de Canterrane, 2 charming &quot;4 \u00e9pis&quot; g\u00eetes in Castelnou - Pyr\u00e9n\u00e9es Orientales\" \/>\n<meta property=\"og:description\" content=\"Le Moulin de Canterranne G\u00eetes de Charme dans les Pyr\u00e9n\u00e9es Orientales Moulin de Canterrane, deux G\u00eetes de charme &quot;4 \u00e9pis&quot; \u00e0 Castelnou \u00a0La Canterrane est\" \/>\n<meta property=\"og:url\" content=\"https:\/\/www.moulindecanterrane.com\/en\/home\/\" \/>\n<meta property=\"og:site_name\" content=\"G\u00eetes du Moulin de Canterrane\" \/>\n<meta property=\"article:modified_time\" content=\"2024-12-02T20:51:33+00:00\" \/>\n<meta property=\"og:image\" content=\"https:\/\/www.moulindecanterrane.com\/wp-content\/uploads\/2023\/12\/80-6.jpeg\" \/>\n<meta name=\"twitter:card\" content=\"summary_large_image\" \/>\n<meta name=\"twitter:label1\" content=\"Est. reading time\" \/>\n\t<meta name=\"twitter:data1\" content=\"2 minutes\" \/>\n<script type=\"application\/ld+json\" class=\"yoast-schema-graph\">{\"@context\":\"https:\/\/schema.org\",\"@graph\":[{\"@type\":\"WebPage\",\"@id\":\"https:\/\/www.moulindecanterrane.com\/en\/home\/\",\"url\":\"https:\/\/www.moulindecanterrane.com\/en\/home\/\",\"name\":\"Moulin de Canterrane, 2 charming \\\"4 \u00e9pis\\\" g\u00eetes in Castelnou - Pyr\u00e9n\u00e9es Orientales\",\"isPartOf\":{\"@id\":\"https:\/\/www.moulindecanterrane.com\/#website\"},\"primaryImageOfPage\":{\"@id\":\"https:\/\/www.moulindecanterrane.com\/en\/home\/#primaryimage\"},\"image\":{\"@id\":\"https:\/\/www.moulindecanterrane.com\/en\/home\/#primaryimage\"},\"thumbnailUrl\":\"https:\/\/www.moulindecanterrane.com\/wp-content\/uploads\/2023\/12\/80-6.jpeg\",\"datePublished\":\"2017-11-02T14:08:56+00:00\",\"dateModified\":\"2024-12-02T20:51:33+00:00\",\"description\":\"Le Moulin de Canterranne G\u00eetes de Charme dans les Pyr\u00e9n\u00e9es Orientales Moulin de Canterrane, deux G\u00eetes de charme \\\"4 \u00e9pis\\\" \u00e0 Castelnou \u00a0La Canterrane est\",\"breadcrumb\":{\"@id\":\"https:\/\/www.moulindecanterrane.com\/en\/home\/#breadcrumb\"},\"inLanguage\":\"en-US\",\"potentialAction\":[{\"@type\":\"ReadAction\",\"target\":[\"https:\/\/www.moulindecanterrane.com\/en\/home\/\"]}]},{\"@type\":\"ImageObject\",\"inLanguage\":\"en-US\",\"@id\":\"https:\/\/www.moulindecanterrane.com\/en\/home\/#primaryimage\",\"url\":\"https:\/\/www.moulindecanterrane.com\/wp-content\/uploads\/2023\/12\/80-6.jpeg\",\"contentUrl\":\"https:\/\/www.moulindecanterrane.com\/wp-content\/uploads\/2023\/12\/80-6.jpeg\"},{\"@type\":\"BreadcrumbList\",\"@id\":\"https:\/\/www.moulindecanterrane.com\/en\/home\/#breadcrumb\",\"itemListElement\":[{\"@type\":\"ListItem\",\"position\":1,\"name\":\"Accueil\",\"item\":\"https:\/\/www.moulindecanterrane.com\/\"},{\"@type\":\"ListItem\",\"position\":2,\"name\":\"Home\"}]},{\"@type\":\"WebSite\",\"@id\":\"https:\/\/www.moulindecanterrane.com\/#website\",\"url\":\"https:\/\/www.moulindecanterrane.com\/\",\"name\":\"G\u00eetes du Moulin de Canterrane\",\"description\":\"MOULIN DE CANTERRANE, DEUX G\u00ceTES DE CHARME &quot;4 \u00c9PIS&quot; \u00c0 CASTELNOU\",\"publisher\":{\"@id\":\"https:\/\/www.moulindecanterrane.com\/#organization\"},\"potentialAction\":[{\"@type\":\"SearchAction\",\"target\":{\"@type\":\"EntryPoint\",\"urlTemplate\":\"https:\/\/www.moulindecanterrane.com\/?s={search_term_string}\"},\"query-input\":{\"@type\":\"PropertyValueSpecification\",\"valueRequired\":true,\"valueName\":\"search_term_string\"}}],\"inLanguage\":\"en-US\"},{\"@type\":\"Organization\",\"@id\":\"https:\/\/www.moulindecanterrane.com\/#organization\",\"name\":\"G\u00eetes du Moulin de Canterrane\",\"url\":\"https:\/\/www.moulindecanterrane.com\/\",\"logo\":{\"@type\":\"ImageObject\",\"inLanguage\":\"en-US\",\"@id\":\"https:\/\/www.moulindecanterrane.com\/#\/schema\/logo\/image\/\",\"url\":\"https:\/\/www.moulindecanterrane.com\/wp-content\/uploads\/2020\/04\/moulin-de-canterrane-logo.png\",\"contentUrl\":\"https:\/\/www.moulindecanterrane.com\/wp-content\/uploads\/2020\/04\/moulin-de-canterrane-logo.png\",\"width\":154,\"height\":71,\"caption\":\"G\u00eetes du Moulin de Canterrane\"},\"image\":{\"@id\":\"https:\/\/www.moulindecanterrane.com\/#\/schema\/logo\/image\/\"}}]}<\/script>\n<!-- \/ Yoast SEO plugin. -->","yoast_head_json":{"title":"Moulin de Canterrane, 2 charming \"4 \u00e9pis\" g\u00eetes in Castelnou - Pyr\u00e9n\u00e9es Orientales","description":"Le Moulin de Canterranne G\u00eetes de Charme dans les Pyr\u00e9n\u00e9es Orientales Moulin de Canterrane, deux G\u00eetes de charme \"4 \u00e9pis\" \u00e0 Castelnou \u00a0La Canterrane est","robots":{"index":"index","follow":"follow","max-snippet":"max-snippet:-1","max-image-preview":"max-image-preview:large","max-video-preview":"max-video-preview:-1"},"canonical":"https:\/\/www.moulindecanterrane.com\/en\/home\/","og_locale":"en_US","og_type":"article","og_title":"Moulin de Canterrane, 2 charming \"4 \u00e9pis\" g\u00eetes in Castelnou - Pyr\u00e9n\u00e9es Orientales","og_description":"Le Moulin de Canterranne G\u00eetes de Charme dans les Pyr\u00e9n\u00e9es Orientales Moulin de Canterrane, deux G\u00eetes de charme \"4 \u00e9pis\" \u00e0 Castelnou \u00a0La Canterrane est","og_url":"https:\/\/www.moulindecanterrane.com\/en\/home\/","og_site_name":"G\u00eetes du Moulin de Canterrane","article_modified_time":"2024-12-02T20:51:33+00:00","og_image":[{"url":"https:\/\/www.moulindecanterrane.com\/wp-content\/uploads\/2023\/12\/80-6.jpeg","type":"","width":"","height":""}],"twitter_card":"summary_large_image","twitter_misc":{"Est. reading time":"2 minutes"},"schema":{"@context":"https:\/\/schema.org","@graph":[{"@type":"WebPage","@id":"https:\/\/www.moulindecanterrane.com\/en\/home\/","url":"https:\/\/www.moulindecanterrane.com\/en\/home\/","name":"Moulin de Canterrane, 2 charming \"4 \u00e9pis\" g\u00eetes in Castelnou - Pyr\u00e9n\u00e9es Orientales","isPartOf":{"@id":"https:\/\/www.moulindecanterrane.com\/#website"},"primaryImageOfPage":{"@id":"https:\/\/www.moulindecanterrane.com\/en\/home\/#primaryimage"},"image":{"@id":"https:\/\/www.moulindecanterrane.com\/en\/home\/#primaryimage"},"thumbnailUrl":"https:\/\/www.moulindecanterrane.com\/wp-content\/uploads\/2023\/12\/80-6.jpeg","datePublished":"2017-11-02T14:08:56+00:00","dateModified":"2024-12-02T20:51:33+00:00","description":"Le Moulin de Canterranne G\u00eetes de Charme dans les Pyr\u00e9n\u00e9es Orientales Moulin de Canterrane, deux G\u00eetes de charme \"4 \u00e9pis\" \u00e0 Castelnou \u00a0La Canterrane est","breadcrumb":{"@id":"https:\/\/www.moulindecanterrane.com\/en\/home\/#breadcrumb"},"inLanguage":"en-US","potentialAction":[{"@type":"ReadAction","target":["https:\/\/www.moulindecanterrane.com\/en\/home\/"]}]},{"@type":"ImageObject","inLanguage":"en-US","@id":"https:\/\/www.moulindecanterrane.com\/en\/home\/#primaryimage","url":"https:\/\/www.moulindecanterrane.com\/wp-content\/uploads\/2023\/12\/80-6.jpeg","contentUrl":"https:\/\/www.moulindecanterrane.com\/wp-content\/uploads\/2023\/12\/80-6.jpeg"},{"@type":"BreadcrumbList","@id":"https:\/\/www.moulindecanterrane.com\/en\/home\/#breadcrumb","itemListElement":[{"@type":"ListItem","position":1,"name":"Accueil","item":"https:\/\/www.moulindecanterrane.com\/"},{"@type":"ListItem","position":2,"name":"Home"}]},{"@type":"WebSite","@id":"https:\/\/www.moulindecanterrane.com\/#website","url":"https:\/\/www.moulindecanterrane.com\/","name":"G\u00eetes du Moulin de Canterrane","description":"MOULIN DE CANTERRANE, DEUX G\u00ceTES DE CHARME &quot;4 \u00c9PIS&quot; \u00c0 CASTELNOU","publisher":{"@id":"https:\/\/www.moulindecanterrane.com\/#organization"},"potentialAction":[{"@type":"SearchAction","target":{"@type":"EntryPoint","urlTemplate":"https:\/\/www.moulindecanterrane.com\/?s={search_term_string}"},"query-input":{"@type":"PropertyValueSpecification","valueRequired":true,"valueName":"search_term_string"}}],"inLanguage":"en-US"},{"@type":"Organization","@id":"https:\/\/www.moulindecanterrane.com\/#organization","name":"G\u00eetes du Moulin de Canterrane","url":"https:\/\/www.moulindecanterrane.com\/","logo":{"@type":"ImageObject","inLanguage":"en-US","@id":"https:\/\/www.moulindecanterrane.com\/#\/schema\/logo\/image\/","url":"https:\/\/www.moulindecanterrane.com\/wp-content\/uploads\/2020\/04\/moulin-de-canterrane-logo.png","contentUrl":"https:\/\/www.moulindecanterrane.com\/wp-content\/uploads\/2020\/04\/moulin-de-canterrane-logo.png","width":154,"height":71,"caption":"G\u00eetes du Moulin de Canterrane"},"image":{"@id":"https:\/\/www.moulindecanterrane.com\/#\/schema\/logo\/image\/"}}]}},"_links":{"self":[{"href":"https:\/\/www.moulindecanterrane.com\/en\/wp-json\/wp\/v2\/pages\/328","targetHints":{"allow":["GET"]}}],"collection":[{"href":"https:\/\/www.moulindecanterrane.com\/en\/wp-json\/wp\/v2\/pages"}],"about":[{"href":"https:\/\/www.moulindecanterrane.com\/en\/wp-json\/wp\/v2\/types\/page"}],"author":[{"embeddable":true,"href":"https:\/\/www.moulindecanterrane.com\/en\/wp-json\/wp\/v2\/users\/2"}],"replies":[{"embeddable":true,"href":"https:\/\/www.moulindecanterrane.com\/en\/wp-json\/wp\/v2\/comments?post=328"}],"version-history":[{"count":0,"href":"https:\/\/www.moulindecanterrane.com\/en\/wp-json\/wp\/v2\/pages\/328\/revisions"}],"wp:attachment":[{"href":"https:\/\/www.moulindecanterrane.com\/en\/wp-json\/wp\/v2\/media?parent=328"}],"curies":[{"name":"wp","href":"https:\/\/api.w.org\/{rel}","templated":true}]}}